{"id":109,"date":"2020-09-04T22:19:39","date_gmt":"2020-09-04T22:19:39","guid":{"rendered":"http:\/\/cecip.cl\/?page_id=109"},"modified":"2021-04-12T20:40:30","modified_gmt":"2021-04-12T20:40:30","slug":"quienes-somos","status":"publish","type":"page","link":"https:\/\/conversandodelaspolicias.cl\/es\/quienes-somos\/","title":{"rendered":"Qui\u00e9nes somos"},"content":{"rendered":"<p><\/p>\n\n\n<\/p>\n<p>Nuestros lineamientos en Conversando de las Policias.<\/p>\n<p>\n\n\n\n<\/p>\n<ul>\n<li><strong>MISI\u00d3N &#8211;\u00a0<\/strong>Desarrollar semanalmente conversatorios virtuales de temas relacionados con la funci\u00f3n policial y sus efectos colaterales, a trav\u00e9s de panelistas chilenos y\/o extranjeros, mediante una din\u00e1mica virtual participativa.<\/li>\n<li><strong>VISI\u00d3N &#8211;\u00a0<\/strong>Contribuir con las polic\u00edas chilenas y extranjeras, con la experiencia y competencias de sus participantes, en materias transversales de cada instituci\u00f3n, que permitan consolidar un punto de encuentro del pasado, presente y futuro de la funci\u00f3n policial.<\/li>\n<li><strong style=\"font-family: var( --e-global-typography-text-font-family ), Sans-serif; font-size: var( --e-global-typography-text-font-size ); letter-spacing: var( --e-global-typography-text-letter-spacing );\">OBJETIVOS &#8211;\u00a0<\/strong>Recoger la experiencia de polic\u00edas chilenos y extranjeros sobre la funci\u00f3n policial.\u00a0Revisar permanentemente los temas contingentes relacionados con la funci\u00f3n que desarrollan las polic\u00edas. Analizar y proyectar los efectos colaterales que se producen producto de la actuaci\u00f3n policial. Revisar las normativa existente sobre las actuaciones policiales. Analizar las normas propuestas sobre cambios, modificaciones, reformas y otros, sobre la funci\u00f3n que desarrollan las polic\u00edas.<\/li>\n<\/ul>\n<p>\n\n\n\n<p><\/p>\n","protected":false},"excerpt":{"rendered":"<p>Nuestros lineamientos en Conversando de las Policias. MISI\u00d3N &#8211;\u00a0Desarrollar semanalmente conversatorios virtuales de temas relacionados con la funci\u00f3n policial y sus efectos colaterales, a trav\u00e9s de panelistas chilenos y\/o extranjeros, &hellip; <a href=\"https:\/\/conversandodelaspolicias.cl\/es\/quienes-somos\/\" class=\"more-link\">Leer m\u00e1s<\/a><\/p>\n","protected":false},"author":1,"featured_media":0,"parent":0,"menu_order":0,"comment_status":"closed","ping_status":"closed","template":"","meta":{"footnotes":""},"_links":{"self":[{"href":"https:\/\/conversandodelaspolicias.cl\/es\/wp-json\/wp\/v2\/pages\/109"}],"collection":[{"href":"https:\/\/conversandodelaspolicias.cl\/es\/wp-json\/wp\/v2\/pages"}],"about":[{"href":"https:\/\/conversandodelaspolicias.cl\/es\/wp-json\/wp\/v2\/types\/page"}],"author":[{"embeddable":true,"href":"https:\/\/conversandodelaspolicias.cl\/es\/wp-json\/wp\/v2\/users\/1"}],"replies":[{"embeddable":true,"href":"https:\/\/conversandodelaspolicias.cl\/es\/wp-json\/wp\/v2\/comments?post=109"}],"version-history":[{"count":40,"href":"https:\/\/conversandodelaspolicias.cl\/es\/wp-json\/wp\/v2\/pages\/109\/revisions"}],"predecessor-version":[{"id":707,"href":"https:\/\/conversandodelaspolicias.cl\/es\/wp-json\/wp\/v2\/pages\/109\/revisions\/707"}],"wp:attachment":[{"href":"https:\/\/conversandodelaspolicias.cl\/es\/wp-json\/wp\/v2\/media?parent=109"}],"curies":[{"name":"wp","href":"https:\/\/api.w.org\/{rel}","templated":true}]}}